{"id":2043,"date":"2024-01-25T13:04:14","date_gmt":"2024-01-25T13:04:14","guid":{"rendered":"https:\/\/robgeserick.com\/?post_type=product&#038;p=2043"},"modified":"2024-08-20T11:09:39","modified_gmt":"2024-08-20T11:09:39","slug":"420-beanie","status":"publish","type":"product","link":"https:\/\/robgeserick.com\/index.php\/produkt\/420-beanie\/","title":{"rendered":"420 BEANIE (-50%)"},"content":{"rendered":"<p>Jacquard beanie<span class=\"Y2IQFc\" lang=\"en\">&nbsp;from the collection <span style=\"font-weight: 400;\">Buntpr\u00e4chtigerlebensverlauf.<\/span><br \/>\nVery limited quantity.<br \/>\nMade of acrylic knit (50% recycled)<\/span><\/p>\n<p>Czapka \u017cakardowa z kolekcji <span style=\"font-weight: 400;\">Buntpr\u00e4chtigerlebensverlauf.<\/span><br \/>\nMocno limitowana ilo\u015b\u0107.<\/p>\n<p><span style=\"font-weight: 400;\"><br \/>\n<\/span>Hand wash at low temperature recommended.<br \/>\nMADE IN POLAND<\/p>\n","protected":false},"excerpt":{"rendered":"<p>Jacquard beanie&nbsp;from the collection Buntpr\u00e4chtigerlebensverlauf. Very limited quantity. Made of acrylic knit (50% recycled) Czapka \u017cakardowa z kolekcji Buntpr\u00e4chtigerlebensverlauf. Mocno limitowana ilo\u015b\u0107. Hand wash at low temperature recommended. MADE IN POLAND<\/p>\n","protected":false},"featured_media":2021,"template":"","meta":{"_eb_attr":"","ngg_post_thumbnail":0},"product_brand":[],"product_cat":[81,82],"product_tag":[],"class_list":{"0":"post-2043","1":"product","2":"type-product","3":"status-publish","4":"has-post-thumbnail","6":"product_cat-all-pl","7":"product_cat-beanie-pl","9":"first","10":"instock","11":"taxable","12":"shipping-taxable","13":"product-type-simple"},"_links":{"self":[{"href":"https:\/\/robgeserick.com\/index.php\/wp-json\/wp\/v2\/product\/2043","targetHints":{"allow":["GET"]}}],"collection":[{"href":"https:\/\/robgeserick.com\/index.php\/wp-json\/wp\/v2\/product"}],"about":[{"href":"https:\/\/robgeserick.com\/index.php\/wp-json\/wp\/v2\/types\/product"}],"version-history":[{"count":8,"href":"https:\/\/robgeserick.com\/index.php\/wp-json\/wp\/v2\/product\/2043\/revisions"}],"predecessor-version":[{"id":3496,"href":"https:\/\/robgeserick.com\/index.php\/wp-json\/wp\/v2\/product\/2043\/revisions\/3496"}],"wp:featuredmedia":[{"embeddable":true,"href":"https:\/\/robgeserick.com\/index.php\/wp-json\/wp\/v2\/media\/2021"}],"wp:attachment":[{"href":"https:\/\/robgeserick.com\/index.php\/wp-json\/wp\/v2\/media?parent=2043"}],"wp:term":[{"taxonomy":"product_brand","embeddable":true,"href":"https:\/\/robgeserick.com\/index.php\/wp-json\/wp\/v2\/product_brand?post=2043"},{"taxonomy":"product_cat","embeddable":true,"href":"https:\/\/robgeserick.com\/index.php\/wp-json\/wp\/v2\/product_cat?post=2043"},{"taxonomy":"product_tag","embeddable":true,"href":"https:\/\/robgeserick.com\/index.php\/wp-json\/wp\/v2\/product_tag?post=2043"}],"curies":[{"name":"wp","href":"https:\/\/api.w.org\/{rel}","templated":true}]}}